{"id":1591,"date":"2025-07-02T08:56:54","date_gmt":"2025-07-02T08:56:54","guid":{"rendered":"https:\/\/correaportservices.es\/aviso-legal\/"},"modified":"2025-07-02T08:56:54","modified_gmt":"2025-07-02T08:56:54","slug":"aviso-legal","status":"publish","type":"page","link":"https:\/\/correaportservices.es\/en\/aviso-legal\/","title":{"rendered":"Aviso legal"},"content":{"rendered":"<h3>DATOS IDENTIFICATIVOS DEL TITULAR DEL SITIO WEB<\/h3>\n<p>En cumplimiento del deber de informaci\u00f3n estipulado en el art\u00edculo 10 de la Ley 34\/2002 de 11 de julio de Servicios de la Sociedad de la Informaci\u00f3n y de Comercio Electr\u00f3nico, <strong><em>CORREA PORT SERVICES, S.L.<\/em><\/strong>, con CIF B95876082, en adelante <strong>Correa Spain<\/strong>, en calidad de titular del sitio web <strong>correaportservices.es<\/strong>, con domicilio en San Isidro, 6, c\u00f3digo postal 48992 en Getxo, Vizcaya, direcci\u00f3n de correo electr\u00f3nico <a href=\"mailto:%67&#101;n&#101;r%61l&#64;&#99;or%72%65&#97;-%73pa%69%6e.&#101;&#115;\">general@correa-spain.es<\/a> y tel\u00e9fono <a href=\"tel:+34629727395\" title=\"telephone\">+34 629 727 395<\/a>, procede a comunicarles la presente informaci\u00f3n que conforma y regula las condiciones de uso en esta p\u00e1gina, las limitaciones de responsabilidad y las obligaciones que, los usuarios del sitio web que se publica bajo el nombre de dominio <strong><i>correaportservices.es<\/i><\/strong>, asumen y se comprometen a respetar.<\/p>\n<h3>CONDICIONES DE USO<\/h3>\n<p>La utilizaci\u00f3n de <strong>correaportservices.es<\/strong> otorga la condici\u00f3n de <strong>Usuario<\/strong> de <strong>correaportservices.es<\/strong>, bien sea persona f\u00edsica o jur\u00eddica y obligatoriamente implica la aceptaci\u00f3n completa, plena y sin reservas de todas y cada una de las cl\u00e1usulas y condiciones generales incluidas en el Aviso Legal. Si el <strong>Usuario<\/strong> no estuviera conforme con las cl\u00e1usulas y condiciones de uso de este Aviso Legal, se abstendr\u00e1 de utilizar <strong>correaportservices.es<\/strong>. Este Aviso Legal est\u00e1 sujeto a cambios y actualizaciones por lo que la versi\u00f3n publicada por <strong>Correa Spain<\/strong> puede ser diferente en cada momento en que el <strong>Usuario<\/strong> acceda al Portal. Por tanto, el <strong>Usuario<\/strong> debe leer el Aviso Legal en todas y cada una de las ocasiones en que acceda a <strong>correaportservices.es<\/strong>.<\/p>\n\n<p>A trav\u00e9s de <strong>correaportservices.es<\/strong>, <strong>Correa Spain<\/strong><b> <\/b>facilita al <strong>Usuario<\/strong> el acceso y la utilizaci\u00f3n de diversos Contenidos publicados por medio de Internet por <strong>Correa Spain<\/strong> o por terceros autorizados.<\/p>\n\n<p>El <strong>Usuario<\/strong> est\u00e1 obligado y se compromete a utilizar <strong>correaportservices.es<\/strong> y los Contenidos de conformidad con la legislaci\u00f3n vigente, el Aviso Legal, y cualquier otro aviso o instrucciones puestos en su conocimiento, bien sea por medio de este aviso legal o en cualquier otro lugar dentro de los Contenidos que conforman <strong>correaportservices.es<\/strong>, como son las normas de convivencia, la moral y buenas costumbres generalmente aceptadas. A tal efecto, el <strong>Usuario<\/strong> se obliga y compromete a NO utilizar cualquiera de los Contenidos con fines o efectos il\u00edcitos, prohibidos en el Aviso Legal o por la legislaci\u00f3n vigente, lesivos de los derechos e intereses de terceros, o que de cualquier forma puedan da\u00f1ar, inutilizar, sobrecargar, deteriorar o impedir la normal utilizaci\u00f3n de los Contenidos, los equipos inform\u00e1ticos o los documentos, archivos y toda clase de contenidos almacenados en cualquier equipo inform\u00e1tico propios o contratados por <strong>Correa Spain<\/strong>, de otro <strong>USUARIO<\/strong> o de cualquier usuario de Internet (hardware y software).<\/p>\n\n<p>El <strong>Usuario<\/strong> se obliga y se compromete a no transmitir, difundir o poner a disposici\u00f3n de terceros cualquier clase de material contenido en <strong>correaportservices.es<\/strong>, tales como informaciones, textos, datos, contenidos, mensajes, gr\u00e1ficos, dibujos, archivos de sonido y\/o imagen, fotograf\u00edas, grabaciones, software, logotipos, marcas, iconos, tecnolog\u00eda, fotograf\u00edas, software, enlaces, dise\u00f1o gr\u00e1fico y c\u00f3digos fuente, o cualquier otro material al que tuviera acceso en su condici\u00f3n de <strong>Usuario<\/strong> de <strong>correaportservices.es<\/strong>, sin que esta enumeraci\u00f3n tenga car\u00e1cter limitativo. Asimismo, de conformidad con todo ello, el <strong>Usuario<\/strong> no podr\u00e1:<\/p>\n<ul>\n<li>Reproducir, copiar, distribuir, poner a disposici\u00f3n o de cualquier otra forma comunicar p\u00fablicamente, transformar o modificar los Contenidos, a menos que se cuente con la autorizaci\u00f3n escrita y expl\u00edcita de <strong>Correa Spain<\/strong>, que es titular de los correspondientes derechos, o bien que ello resulte legalmente permitido.<\/li>\n<li>Suprimir, manipular o de cualquier forma alterar el \u201ccopyright\u201d y dem\u00e1s datos identificativos de la reserva de derechos de <strong>Correa Spain<\/strong> o de sus titulares, de las huellas y\/o identificadores digitales, marcas de agua, o de cualesquiera otros medios t\u00e9cnicos establecidos para su reconocimiento.<\/li>\n<\/ul>\n<p>El <strong>Usuario<\/strong> deber\u00e1 abstenerse de obtener e incluso de intentar obtener los Contenidos empleando para ello medios o procedimientos distintos de los que, seg\u00fan los casos, se hayan puesto a su disposici\u00f3n a este efecto o se hayan indicado a este efecto en las p\u00e1ginas web donde se encuentren los Contenidos o, en general, de los que se empleen habitualmente en Internet a este efecto siempre que no entra\u00f1en un riesgo de da\u00f1o o inutilizaci\u00f3n de <strong>correaportservices.es<\/strong>, y\/o de los Contenidos.<\/p>\n<h3>PROPIEDAD INTELECTUAL<\/h3>\n<p>Todas las marcas, nombres comerciales o signos distintivos de cualquier clase que aparecen en <strong>correaportservices.es<\/strong> son propiedad de <strong>Correa Spain<\/strong> o, en su caso, de sus respectivos propietarios, sin que pueda entenderse que el uso o acceso al Portal y\/o a los Contenidos atribuya al <strong>Usuario<\/strong> derecho alguno sobre las citadas marcas, nombres comerciales y\/o signos distintivos y sin que puedan entenderse cedidos al <strong>Usuario<\/strong>, ninguno de los derechos de explotaci\u00f3n que existen o puedan existir sobre dichos Contenidos. De igual modo los Contenidos son propiedad intelectual de <strong>Correa Spain<\/strong>, o de terceros en su caso, por tanto, los derechos de Propiedad Intelectual son titularidad de <strong>Correa Spain<\/strong> o de terceros que han autorizado su uso, a quienes corresponde el ejercicio exclusivo de los derechos de explotaci\u00f3n de los mismos en cualquier forma y, en especial, los derechos de reproducci\u00f3n, distribuci\u00f3n, comunicaci\u00f3n p\u00fablica y transformaci\u00f3n. La utilizaci\u00f3n no autorizada de la informaci\u00f3n contenida en esta Web, as\u00ed como la lesi\u00f3n de los derechos de Propiedad Intelectual o Industrial de <strong>Correa Spain<\/strong> o de terceros incluidos en <strong>correaportservices.es<\/strong> que hayan cedido contenidos dar\u00e1 lugar a las responsabilidades legalmente establecidas.<\/p>\n<h3>DISPONIBILIDAD DE CORREAPORTSERVICES.ES<\/h3>\n<p><strong>Correa Spain<\/strong> no garantiza la inexistencia de interrupciones o errores en el acceso a <strong>correaportservices.es<\/strong>, a sus contenidos, ni que este se encuentren actualizados, aunque desarrollar\u00e1 sus mejores esfuerzos para, en su caso, evitarlos, subsanarlos o actualizarlos. Por consiguiente, <strong>Correa Spain<\/strong> no se responsabiliza de los da\u00f1os o perjuicios de cualquier tipo producidos en el <strong>Usuario<\/strong> que traigan causa de fallos o desconexiones en las redes de telecomunicaciones que produzcan la suspensi\u00f3n, cancelaci\u00f3n o interrupci\u00f3n del servicio del portal durante la prestaci\u00f3n del mismo o con car\u00e1cter previo.<\/p>\n\n<p><strong>Correa Spain<\/strong> excluye, con las excepciones contempladas en la legislaci\u00f3n vigente, cualquier responsabilidad por los da\u00f1os y perjuicios de toda naturaleza que puedan deberse a la falta de disponibilidad, continuidad o calidad del funcionamiento de <strong>correaportservices.es<\/strong> y de los Contenidos, al no cumplimiento de la expectativa de utilidad que el <strong>USUARIO<\/strong> hubiera podido atribuir a <strong>correaportservices.es<\/strong> y a los Contenidos.<\/p>\n\n<p>La funci\u00f3n de los Hiperenlaces que aparecen en esta Web es exclusivamente la de informar al <strong>Usuario<\/strong> acerca de la existencia de otras Web que contienen informaci\u00f3n sobre la materia. Dichos Hiperenlaces no constituyen sugerencia ni recomendaci\u00f3n alguna.<\/p>\n\n<p><strong>Correa Spain<\/strong> no se hace responsable de los contenidos de dichas p\u00e1ginas enlazadas, del funcionamiento o utilidad de los Hiperenlaces ni del resultado de dichos enlaces, ni garantiza la ausencia de virus u otros elementos en los mismos que puedan producir alteraciones en el sistema inform\u00e1tico (hardware y software), los documentos o los ficheros del <strong>Usuario<\/strong>, excluyendo cualquier responsabilidad por los da\u00f1os de cualquier clase causados al <strong>Usuario<\/strong> por este motivo.<\/p>\n\n<p>El acceso a <strong>correaportservices.es<\/strong> no implica la obligaci\u00f3n por parte de <strong>Correa Spain<\/strong> de controlar la ausencia de virus, gusanos o cualquier otro elemento inform\u00e1tico da\u00f1ino. Corresponde al <strong>Usuario<\/strong>, en todo caso, la disponibilidad de herramientas adecuadas para la detecci\u00f3n y desinfecci\u00f3n de programas inform\u00e1ticos da\u00f1inos, por lo tanto, <strong>Correa Spain<\/strong> no se hace responsable de los posibles errores de seguridad que se puedan producir durante la prestaci\u00f3n del servicio de <strong>correaportservices.es<\/strong>, ni de los posibles da\u00f1os que puedan causarse al sistema inform\u00e1tico del <strong>Usuario<\/strong> o de terceros (hardware y software), los ficheros o documentos almacenados en el mismo, como consecuencia de la presencia de virus en el ordenador del <strong>Usuario<\/strong> utilizado para la conexi\u00f3n a los servicios y contenidos de la Web, de un mal funcionamiento del navegador o del uso de versiones no actualizadas del mismo.<\/p>\n\n<p>La prestaci\u00f3n del servicio de <strong>correaportservices.es<\/strong> y de los Contenidos tiene, en principio, duraci\u00f3n indefinida. <strong>Correa Spain<\/strong>, no obstante, queda autorizado para dar por terminada o suspender la prestaci\u00f3n del servicio de <strong>correaportservices.es<\/strong> y\/o de cualquiera de los Contenidos en cualquier momento. Cuando ello sea razonablemente posible, <strong>Correa Spain<\/strong> advertir\u00e1 previamente la terminaci\u00f3n o suspensi\u00f3n de <strong>correaportservices.es<\/strong>.<\/p>\n<h3>CALIDAD DE CORREAPORTSERVICES.ES<\/h3>\n<p>Dado el entorno din\u00e1mico y cambiante de la informaci\u00f3n y servicios que se suministran por medio de <strong>correaportservices.es<\/strong>, <strong>Correa Spain<\/strong> realiza su mejor esfuerzo, pero no garantiza la completa veracidad, exactitud, fiabilidad, utilidad y\/o actualidad de los Contenidos. La informaci\u00f3n contenida en las p\u00e1ginas que componen este Portal solo tiene car\u00e1cter informativo, consultivo, divulgativo y publicitario. En ning\u00fan caso ofrecen ni tienen car\u00e1cter de compromiso vinculante o contractual.<\/p>\n<h3>LIMITACI\u00d3N DE RESPONSABILIDAD<\/h3>\n<p><strong>Correa Spain<\/strong> excluye toda responsabilidad por las decisiones que el <strong>Usuario<\/strong> pueda tomar basado en esta informaci\u00f3n, as\u00ed como por los posibles errores tipogr\u00e1ficos que puedan contener los documentos y gr\u00e1ficos de <strong>correaportservices.es<\/strong>. La informaci\u00f3n est\u00e1 sometida a posibles cambios peri\u00f3dicos sin previo aviso de su contenido por ampliaci\u00f3n, mejora, correcci\u00f3n o actualizaci\u00f3n de los Contenidos.<\/p>\n<h3>NOTIFICACIONES<\/h3>\n<p>Todas las notificaciones y comunicaciones por parte de <strong>Correa Spain<\/strong> al <strong>Usuario<\/strong> realizados por cualquier medio se considerar\u00e1n eficaces a todos los efectos.<\/p>\n<h3>JURISDICCI\u00d3N<\/h3>\n<p>Para cuantas cuestiones se susciten sobre la interpretaci\u00f3n, aplicaci\u00f3n y cumplimiento de este Aviso Legal, as\u00ed como de las reclamaciones que puedan derivarse de su uso, todas las partes intervinientes se someten a los Jueces y Tribunales de la provincia de Vizcaya, renunciando de forma expresa a cualquier otro fuero que pudiera corresponderles.<\/p>\n<h3>LEGISLACI\u00d3N APLICABLE<\/h3>\n<p>El presente Aviso Legal se rige por la normativa espa\u00f1ola vigente.<\/p>","protected":false},"excerpt":{"rendered":"","protected":false},"author":6,"featured_media":0,"parent":0,"menu_order":0,"comment_status":"closed","ping_status":"closed","template":"","meta":{"_uag_custom_page_level_css":"","site-sidebar-layout":"default","site-content-layout":"","ast-site-content-layout":"default","site-content-style":"default","site-sidebar-style":"default","ast-global-header-display":"","ast-banner-title-visibility":"","ast-main-header-display":"","ast-hfb-above-header-display":"","ast-hfb-below-header-display":"","ast-hfb-mobile-header-display":"","site-post-title":"","ast-breadcrumbs-content":"","ast-featured-img":"","footer-sml-layout":"","ast-disable-related-posts":"","theme-transparent-header-meta":"","adv-header-id-meta":"","stick-header-meta":"","header-above-stick-meta":"","header-main-stick-meta":"","header-below-stick-meta":"","astra-migrate-meta-layouts":"default","ast-page-background-enabled":"default","ast-page-background-meta":{"desktop":{"background-color":"var(--ast-global-color-4)","background-image":"","background-repeat":"repeat","background-position":"center center","background-size":"auto","background-attachment":"scroll","background-type":"","background-media":"","overlay-type":"","overlay-color":"","overlay-opacity":"","overlay-gradient":""},"tablet":{"background-color":"","background-image":"","background-repeat":"repeat","background-position":"center center","background-size":"auto","background-attachment":"scroll","background-type":"","background-media":"","overlay-type":"","overlay-color":"","overlay-opacity":"","overlay-gradient":""},"mobile":{"background-color":"","background-image":"","background-repeat":"repeat","background-position":"center center","background-size":"auto","background-attachment":"scroll","background-type":"","background-media":"","overlay-type":"","overlay-color":"","overlay-opacity":"","overlay-gradient":""}},"ast-content-background-meta":{"desktop":{"background-color":"var(--ast-global-color-5)","background-image":"","background-repeat":"repeat","background-position":"center center","background-size":"auto","background-attachment":"scroll","background-type":"","background-media":"","overlay-type":"","overlay-color":"","overlay-opacity":"","overlay-gradient":""},"tablet":{"background-color":"var(--ast-global-color-5)","background-image":"","background-repeat":"repeat","background-position":"center center","background-size":"auto","background-attachment":"scroll","background-type":"","background-media":"","overlay-type":"","overlay-color":"","overlay-opacity":"","overlay-gradient":""},"mobile":{"background-color":"var(--ast-global-color-5)","background-image":"","background-repeat":"repeat","background-position":"center center","background-size":"auto","background-attachment":"scroll","background-type":"","background-media":"","overlay-type":"","overlay-color":"","overlay-opacity":"","overlay-gradient":""}},"footnotes":""},"class_list":["post-1591","page","type-page","status-publish","hentry"],"yoast_head":"<!-- This site is optimized with the Yoast SEO plugin v27.3 - https:\/\/yoast.com\/product\/yoast-seo-wordpress\/ -->\n<title>Aviso legal - Correa Spain<\/title>\n<meta name=\"robots\" content=\"index, follow, max-snippet:-1, max-image-preview:large, max-video-preview:-1\" \/>\n<link rel=\"canonical\" href=\"https:\/\/correaportservices.es\/en\/aviso-legal\/\" \/>\n<meta property=\"og:locale\" content=\"en_GB\" \/>\n<meta property=\"og:type\" content=\"article\" \/>\n<meta property=\"og:title\" content=\"Aviso legal - Correa Spain\" \/>\n<meta property=\"og:url\" content=\"https:\/\/correaportservices.es\/en\/aviso-legal\/\" \/>\n<meta property=\"og:site_name\" content=\"Correa Spain\" \/>\n<meta name=\"twitter:card\" content=\"summary_large_image\" \/>\n<script type=\"application\/ld+json\" class=\"yoast-schema-graph\">{\"@context\":\"https:\\\/\\\/schema.org\",\"@graph\":[{\"@type\":\"WebPage\",\"@id\":\"https:\\\/\\\/correaportservices.es\\\/aviso-legal\\\/\",\"url\":\"https:\\\/\\\/correaportservices.es\\\/aviso-legal\\\/\",\"name\":\"Aviso legal - Correa Spain\",\"isPartOf\":{\"@id\":\"https:\\\/\\\/correaportservices.es\\\/#website\"},\"datePublished\":\"2025-07-02T08:56:54+00:00\",\"breadcrumb\":{\"@id\":\"https:\\\/\\\/correaportservices.es\\\/aviso-legal\\\/#breadcrumb\"},\"inLanguage\":\"en-GB\",\"potentialAction\":[{\"@type\":\"ReadAction\",\"target\":[\"https:\\\/\\\/correaportservices.es\\\/aviso-legal\\\/\"]}]},{\"@type\":\"BreadcrumbList\",\"@id\":\"https:\\\/\\\/correaportservices.es\\\/aviso-legal\\\/#breadcrumb\",\"itemListElement\":[{\"@type\":\"ListItem\",\"position\":1,\"name\":\"Portada\",\"item\":\"https:\\\/\\\/correaportservices.es\\\/\"},{\"@type\":\"ListItem\",\"position\":2,\"name\":\"Aviso legal\"}]},{\"@type\":\"WebSite\",\"@id\":\"https:\\\/\\\/correaportservices.es\\\/#website\",\"url\":\"https:\\\/\\\/correaportservices.es\\\/\",\"name\":\"Correa Spain\",\"description\":\"Servicios Mar\u00edtimos\",\"publisher\":{\"@id\":\"https:\\\/\\\/correaportservices.es\\\/#organization\"},\"potentialAction\":[{\"@type\":\"SearchAction\",\"target\":{\"@type\":\"EntryPoint\",\"urlTemplate\":\"https:\\\/\\\/correaportservices.es\\\/?s={search_term_string}\"},\"query-input\":{\"@type\":\"PropertyValueSpecification\",\"valueRequired\":true,\"valueName\":\"search_term_string\"}}],\"inLanguage\":\"en-GB\"},{\"@type\":\"Organization\",\"@id\":\"https:\\\/\\\/correaportservices.es\\\/#organization\",\"name\":\"Correa Spain\",\"url\":\"https:\\\/\\\/correaportservices.es\\\/\",\"logo\":{\"@type\":\"ImageObject\",\"inLanguage\":\"en-GB\",\"@id\":\"https:\\\/\\\/correaportservices.es\\\/#\\\/schema\\\/logo\\\/image\\\/\",\"url\":\"https:\\\/\\\/correaportservices.es\\\/wp-content\\\/uploads\\\/2025\\\/07\\\/cropped-Logo-restyling-2.0.png\",\"contentUrl\":\"https:\\\/\\\/correaportservices.es\\\/wp-content\\\/uploads\\\/2025\\\/07\\\/cropped-Logo-restyling-2.0.png\",\"width\":1797,\"height\":599,\"caption\":\"Correa Spain\"},\"image\":{\"@id\":\"https:\\\/\\\/correaportservices.es\\\/#\\\/schema\\\/logo\\\/image\\\/\"}}]}<\/script>\n<!-- \/ Yoast SEO plugin. -->","yoast_head_json":{"title":"Aviso legal - Correa Spain","robots":{"index":"index","follow":"follow","max-snippet":"max-snippet:-1","max-image-preview":"max-image-preview:large","max-video-preview":"max-video-preview:-1"},"canonical":"https:\/\/correaportservices.es\/en\/aviso-legal\/","og_locale":"en_GB","og_type":"article","og_title":"Aviso legal - Correa Spain","og_url":"https:\/\/correaportservices.es\/en\/aviso-legal\/","og_site_name":"Correa Spain","twitter_card":"summary_large_image","schema":{"@context":"https:\/\/schema.org","@graph":[{"@type":"WebPage","@id":"https:\/\/correaportservices.es\/aviso-legal\/","url":"https:\/\/correaportservices.es\/aviso-legal\/","name":"Aviso legal - Correa Spain","isPartOf":{"@id":"https:\/\/correaportservices.es\/#website"},"datePublished":"2025-07-02T08:56:54+00:00","breadcrumb":{"@id":"https:\/\/correaportservices.es\/aviso-legal\/#breadcrumb"},"inLanguage":"en-GB","potentialAction":[{"@type":"ReadAction","target":["https:\/\/correaportservices.es\/aviso-legal\/"]}]},{"@type":"BreadcrumbList","@id":"https:\/\/correaportservices.es\/aviso-legal\/#breadcrumb","itemListElement":[{"@type":"ListItem","position":1,"name":"Portada","item":"https:\/\/correaportservices.es\/"},{"@type":"ListItem","position":2,"name":"Aviso legal"}]},{"@type":"WebSite","@id":"https:\/\/correaportservices.es\/#website","url":"https:\/\/correaportservices.es\/","name":"Correa Spain","description":"Servicios Mar\u00edtimos","publisher":{"@id":"https:\/\/correaportservices.es\/#organization"},"potentialAction":[{"@type":"SearchAction","target":{"@type":"EntryPoint","urlTemplate":"https:\/\/correaportservices.es\/?s={search_term_string}"},"query-input":{"@type":"PropertyValueSpecification","valueRequired":true,"valueName":"search_term_string"}}],"inLanguage":"en-GB"},{"@type":"Organization","@id":"https:\/\/correaportservices.es\/#organization","name":"Correa Spain","url":"https:\/\/correaportservices.es\/","logo":{"@type":"ImageObject","inLanguage":"en-GB","@id":"https:\/\/correaportservices.es\/#\/schema\/logo\/image\/","url":"https:\/\/correaportservices.es\/wp-content\/uploads\/2025\/07\/cropped-Logo-restyling-2.0.png","contentUrl":"https:\/\/correaportservices.es\/wp-content\/uploads\/2025\/07\/cropped-Logo-restyling-2.0.png","width":1797,"height":599,"caption":"Correa Spain"},"image":{"@id":"https:\/\/correaportservices.es\/#\/schema\/logo\/image\/"}}]}},"uagb_featured_image_src":{"full":false,"thumbnail":false,"medium":false,"medium_large":false,"large":false,"1536x1536":false,"2048x2048":false,"trp-custom-language-flag":false},"uagb_author_info":{"display_name":"viacoreit","author_link":"https:\/\/correaportservices.es\/en\/author\/viacoreit\/"},"uagb_comment_info":0,"uagb_excerpt":null,"_links":{"self":[{"href":"https:\/\/correaportservices.es\/en\/wp-json\/wp\/v2\/pages\/1591","targetHints":{"allow":["GET"]}}],"collection":[{"href":"https:\/\/correaportservices.es\/en\/wp-json\/wp\/v2\/pages"}],"about":[{"href":"https:\/\/correaportservices.es\/en\/wp-json\/wp\/v2\/types\/page"}],"author":[{"embeddable":true,"href":"https:\/\/correaportservices.es\/en\/wp-json\/wp\/v2\/users\/6"}],"replies":[{"embeddable":true,"href":"https:\/\/correaportservices.es\/en\/wp-json\/wp\/v2\/comments?post=1591"}],"version-history":[{"count":0,"href":"https:\/\/correaportservices.es\/en\/wp-json\/wp\/v2\/pages\/1591\/revisions"}],"wp:attachment":[{"href":"https:\/\/correaportservices.es\/en\/wp-json\/wp\/v2\/media?parent=1591"}],"curies":[{"name":"wp","href":"https:\/\/api.w.org\/{rel}","templated":true}]}}