{"id":16,"date":"2025-05-06T11:06:06","date_gmt":"2025-05-06T11:06:06","guid":{"rendered":"https:\/\/correaportservices.es\/?page_id=16"},"modified":"2025-07-02T06:19:22","modified_gmt":"2025-07-02T06:19:22","slug":"acerca-de","status":"publish","type":"page","link":"https:\/\/correaportservices.es\/en\/acerca-de\/","title":{"rendered":"About"},"content":{"rendered":"<div class=\"wp-block-uagb-container uagb-block-4c3875af alignfull uagb-is-root-container\"><div class=\"uagb-container-inner-blocks-wrap\">\n<div class=\"wp-block-uagb-advanced-heading uagb-block-36237826\"><h1 class=\"uagb-heading-text\">About Correa Spain<\/h1><\/div>\n<\/div><\/div>\n\n\n\n<div class=\"wp-block-uagb-container uagb-block-5cf03063 alignfull uagb-is-root-container\"><div class=\"uagb-container-inner-blocks-wrap\">\n<div class=\"wp-block-uagb-image alignleft uagb-block-6d75d68d wp-block-uagb-image--layout-default wp-block-uagb-image--effect-static wp-block-uagb-image--align-left\"><figure class=\"wp-block-uagb-image__figure\"><img decoding=\"async\" srcset=\"https:\/\/correaportservices.es\/wp-content\/uploads\/2025\/05\/740.jpg , https:\/\/correaportservices.es\/wp-content\/uploads\/2025\/05\/740.jpg 360w\" sizes=\"auto, (max-width: 480px) 150px\" src=\"https:\/\/correaportservices.es\/wp-content\/uploads\/2025\/05\/740.jpg\" alt=\"\" class=\"uag-image-1548\" width=\"575\" height=\"480\" title=\"\" loading=\"lazy\" role=\"img\"\/><\/figure><\/div>\n\n\n\n<div class=\"wp-block-uagb-container uagb-block-05150e62\">\n<div class=\"wp-block-uagb-advanced-heading uagb-block-b0bb1952\"><div class=\"uagb-heading-text\">Past and present of a great company<\/div><\/div>\n\n\n\n<div class=\"wp-block-uagb-advanced-heading uagb-block-a2b3848d\"><h2 class=\"uagb-heading-text\">Since 1906<\/h2><p class=\"uagb-desc-text\">With more than 100 years of experience, Correa Spain is a leading maritime services provider in Spain, specialising in ship consignment and chartering in ports and refineries.<br><br>Founded in 1906 by Juan Correa, the company began its career transporting crude oil from the Black Sea to northern Spain. During the First World War, the company continued to transport bulk cargoes and iron ore, despite the constant risks generated by the blockade.<br>Throughout the 1940s, the company's traffic focused on the transport of phosphates and coal. Between 1965 and 1985, as a shipowner, it built four bulk carriers of between 3,000 and 6,000 tonnes capacity.<br><br>Today, the fourth generation of the family continues to work in the maritime business.<\/p><\/div>\n<\/div>\n<\/div><\/div>\n\n\n\n<div class=\"wp-block-uagb-container uagb-block-edae5b83 alignfull uagb-is-root-container\"><div class=\"uagb-container-inner-blocks-wrap\">\n<div class=\"wp-block-uagb-advanced-heading uagb-block-64726181\"><div class=\"uagb-heading-text\">Core Values<\/div><\/div>\n\n\n\n<div class=\"wp-block-uagb-advanced-heading uagb-block-92588f0c\"><h2 class=\"uagb-heading-text\">Solvency and prestige<\/h2><\/div>\n\n\n\n<div class=\"wp-block-uagb-image aligncenter uagb-block-37f6c2f8 wp-block-uagb-image--layout-default wp-block-uagb-image--effect-static wp-block-uagb-image--align-center\"><figure class=\"wp-block-uagb-image__figure\"><img decoding=\"async\" srcset=\"https:\/\/correaportservices.es\/wp-content\/uploads\/2025\/05\/2150647945.jpg ,https:\/\/correaportservices.es\/wp-content\/uploads\/2025\/05\/2150647945.jpg 780w\" sizes=\"auto, (max-width: 480px) 150px\" src=\"https:\/\/correaportservices.es\/wp-content\/uploads\/2025\/05\/2150647945.jpg\" alt=\"\" class=\"uag-image-1556\" width=\"1200\" height=\"430\" title=\"\" loading=\"lazy\" role=\"img\"\/><\/figure><\/div>\n\n\n\n<div class=\"wp-block-uagb-container uagb-block-0f0fe2b0\">\n<div class=\"wp-block-uagb-advanced-heading uagb-block-a7766e3a\"><h3 class=\"uagb-heading-text\">National strategic presence<\/h3><p class=\"uagb-desc-text\">The company is strongly established in the ports of&nbsp;<em>Bilbao<\/em>&nbsp;y&nbsp;<em>Algeciras<\/em>and has agencies in&nbsp;<em>Tarragona<\/em>,&nbsp;<em>Barcelona<\/em>,&nbsp;<em>Castell\u00f3n<\/em>,&nbsp;<em>Cartagena<\/em>,<em> Huelva<\/em>,&nbsp;<em>La Coru\u00f1a<\/em>,&nbsp;<em>Gij\u00f3n<\/em>,&nbsp;<em>Santander<\/em>&nbsp;e&nbsp;<em>Canary Islands<\/em>.<\/p><\/div>\n\n\n\n<div class=\"wp-block-uagb-advanced-heading uagb-block-b78816fa\"><h3 class=\"uagb-heading-text\">Port solutions<\/h3><p class=\"uagb-desc-text\">Our activity covers the&nbsp;<strong>consignment of vessels<\/strong>,&nbsp;<strong>customs agency<\/strong>,&nbsp;<strong>loading and unloading<\/strong>,&nbsp;<strong>storage<\/strong>&nbsp;y&nbsp;<strong>charter<\/strong>etc., which are currently very much&nbsp;<strong>specialising in tankers<\/strong>.<\/p><\/div>\n\n\n\n<div class=\"wp-block-uagb-advanced-heading uagb-block-a5c64964\"><h3 class=\"uagb-heading-text\">Centenary commitment<\/h3><p class=\"uagb-desc-text\">CORREA SPAIN is proud of the solid prestige it has acquired after more than&nbsp;<strong>one hundred years of work in the maritime world<\/strong>The company is a reliable, professional and serious company that protects the interests of all its clients.<\/p><\/div>\n<\/div>\n<\/div><\/div>\n\n\n\n<div class=\"wp-block-uagb-container uagb-block-9caa1a47 alignfull uagb-is-root-container\"><div class=\"uagb-container-inner-blocks-wrap\">\n<div class=\"wp-block-uagb-advanced-heading uagb-block-1ed0e64e\"><div class=\"uagb-heading-text\">Integral Services<\/div><\/div>\n\n\n\n<div class=\"wp-block-uagb-advanced-heading uagb-block-3a57683f\"><h2 class=\"uagb-heading-text\">Complete Port Management<\/h2><\/div>\n\n\n\n<div class=\"wp-block-uagb-buttons uagb-buttons__outer-wrap uagb-btn__default-btn uagb-btn-tablet__default-btn uagb-btn-mobile__default-btn uagb-block-9979be0d\"><div class=\"uagb-buttons__wrap uagb-buttons-layout-wrap\">\n<div class=\"wp-block-uagb-buttons-child uagb-buttons__outer-wrap uagb-block-84fd34e5 wp-block-button\"><div class=\"uagb-button__wrapper\"><a class=\"uagb-buttons-repeater wp-block-button__link\" aria-label=\"\" href=\"\/en\/contacto\/\" rel=\"follow noopener\" target=\"_self\" role=\"button\"><div class=\"uagb-button__link\">Contact us at<\/div><\/a><\/div><\/div>\n<\/div><\/div>\n\n\n\n<div class=\"wp-block-uagb-advanced-heading uagb-block-838a0a13\"><div class=\"uagb-separator\"><\/div><h3 class=\"uagb-heading-text\"> +34 944 606 234 \/ +34 629 727 395<\/h3><\/div>\n<\/div><\/div>","protected":false},"excerpt":{"rendered":"<p>Sobre Correa Spain Pasado y presente de una gran compa\u00f1\u00eda Desde 1906 Con m\u00e1s de 100 a\u00f1os de experiencia, Correa [&hellip;]<\/p>\n","protected":false},"author":6,"featured_media":0,"parent":0,"menu_order":0,"comment_status":"closed","ping_status":"closed","template":"","meta":{"_uag_custom_page_level_css":"","site-sidebar-layout":"no-sidebar","site-content-layout":"plain-container","ast-site-content-layout":"full-width-container","site-content-style":"unboxed","site-sidebar-style":"unboxed","ast-global-header-display":"","ast-banner-title-visibility":"","ast-main-header-display":"","ast-hfb-above-header-display":"","ast-hfb-below-header-display":"","ast-hfb-mobile-header-display":"","site-post-title":"disabled","ast-breadcrumbs-content":"","ast-featured-img":"","footer-sml-layout":"","ast-disable-related-posts":"","theme-transparent-header-meta":"","adv-header-id-meta":"","stick-header-meta":"","header-above-stick-meta":"","header-main-stick-meta":"","header-below-stick-meta":"","astra-migrate-meta-layouts":"set","ast-page-background-enabled":"default","ast-page-background-meta":{"desktop":{"background-color":"var(--ast-global-color-4)","background-image":"","background-repeat":"repeat","background-position":"center center","background-size":"auto","background-attachment":"scroll","background-type":"","background-media":"","overlay-type":"","overlay-color":"","overlay-opacity":"","overlay-gradient":""},"tablet":{"background-color":"","background-image":"","background-repeat":"repeat","background-position":"center center","background-size":"auto","background-attachment":"scroll","background-type":"","background-media":"","overlay-type":"","overlay-color":"","overlay-opacity":"","overlay-gradient":""},"mobile":{"background-color":"","background-image":"","background-repeat":"repeat","background-position":"center center","background-size":"auto","background-attachment":"scroll","background-type":"","background-media":"","overlay-type":"","overlay-color":"","overlay-opacity":"","overlay-gradient":""}},"ast-content-background-meta":{"desktop":{"background-color":"var(--ast-global-color-5)","background-image":"","background-repeat":"repeat","background-position":"center center","background-size":"auto","background-attachment":"scroll","background-type":"","background-media":"","overlay-type":"","overlay-color":"","overlay-opacity":"","overlay-gradient":""},"tablet":{"background-color":"var(--ast-global-color-5)","background-image":"","background-repeat":"repeat","background-position":"center center","background-size":"auto","background-attachment":"scroll","background-type":"","background-media":"","overlay-type":"","overlay-color":"","overlay-opacity":"","overlay-gradient":""},"mobile":{"background-color":"var(--ast-global-color-5)","background-image":"","background-repeat":"repeat","background-position":"center center","background-size":"auto","background-attachment":"scroll","background-type":"","background-media":"","overlay-type":"","overlay-color":"","overlay-opacity":"","overlay-gradient":""}},"footnotes":""},"class_list":["post-16","page","type-page","status-publish","hentry"],"yoast_head":"<!-- This site is optimized with the Yoast SEO plugin v27.3 - https:\/\/yoast.com\/product\/yoast-seo-wordpress\/ -->\n<title>Acerca de - Correa Spain<\/title>\n<meta name=\"robots\" content=\"index, follow, max-snippet:-1, max-image-preview:large, max-video-preview:-1\" \/>\n<link rel=\"canonical\" href=\"https:\/\/correaportservices.es\/en\/acerca-de\/\" \/>\n<meta property=\"og:locale\" content=\"en_GB\" \/>\n<meta property=\"og:type\" content=\"article\" \/>\n<meta property=\"og:title\" content=\"Acerca de - Correa Spain\" \/>\n<meta property=\"og:description\" content=\"Sobre Correa Spain Pasado y presente de una gran compa\u00f1\u00eda Desde 1906 Con m\u00e1s de 100 a\u00f1os de experiencia, Correa [&hellip;]\" \/>\n<meta property=\"og:url\" content=\"https:\/\/correaportservices.es\/en\/acerca-de\/\" \/>\n<meta property=\"og:site_name\" content=\"Correa Spain\" \/>\n<meta property=\"article:modified_time\" content=\"2025-07-02T06:19:22+00:00\" \/>\n<meta property=\"og:image\" content=\"https:\/\/correaportservices.es\/wp-content\/uploads\/2025\/05\/740.jpg\" \/>\n<meta name=\"twitter:card\" content=\"summary_large_image\" \/>\n<meta name=\"twitter:label1\" content=\"Estimated reading time\" \/>\n\t<meta name=\"twitter:data1\" content=\"1 minute\" \/>\n<script type=\"application\/ld+json\" class=\"yoast-schema-graph\">{\"@context\":\"https:\\\/\\\/schema.org\",\"@graph\":[{\"@type\":\"WebPage\",\"@id\":\"https:\\\/\\\/correaportservices.es\\\/acerca-de\\\/\",\"url\":\"https:\\\/\\\/correaportservices.es\\\/acerca-de\\\/\",\"name\":\"Acerca de - Correa Spain\",\"isPartOf\":{\"@id\":\"https:\\\/\\\/correaportservices.es\\\/#website\"},\"primaryImageOfPage\":{\"@id\":\"https:\\\/\\\/correaportservices.es\\\/acerca-de\\\/#primaryimage\"},\"image\":{\"@id\":\"https:\\\/\\\/correaportservices.es\\\/acerca-de\\\/#primaryimage\"},\"thumbnailUrl\":\"https:\\\/\\\/correaportservices.es\\\/wp-content\\\/uploads\\\/2025\\\/05\\\/740.jpg\",\"datePublished\":\"2025-05-06T11:06:06+00:00\",\"dateModified\":\"2025-07-02T06:19:22+00:00\",\"breadcrumb\":{\"@id\":\"https:\\\/\\\/correaportservices.es\\\/acerca-de\\\/#breadcrumb\"},\"inLanguage\":\"en-GB\",\"potentialAction\":[{\"@type\":\"ReadAction\",\"target\":[\"https:\\\/\\\/correaportservices.es\\\/acerca-de\\\/\"]}]},{\"@type\":\"ImageObject\",\"inLanguage\":\"en-GB\",\"@id\":\"https:\\\/\\\/correaportservices.es\\\/acerca-de\\\/#primaryimage\",\"url\":\"https:\\\/\\\/correaportservices.es\\\/wp-content\\\/uploads\\\/2025\\\/05\\\/740.jpg\",\"contentUrl\":\"https:\\\/\\\/correaportservices.es\\\/wp-content\\\/uploads\\\/2025\\\/05\\\/740.jpg\"},{\"@type\":\"BreadcrumbList\",\"@id\":\"https:\\\/\\\/correaportservices.es\\\/acerca-de\\\/#breadcrumb\",\"itemListElement\":[{\"@type\":\"ListItem\",\"position\":1,\"name\":\"Portada\",\"item\":\"https:\\\/\\\/correaportservices.es\\\/\"},{\"@type\":\"ListItem\",\"position\":2,\"name\":\"Acerca de\"}]},{\"@type\":\"WebSite\",\"@id\":\"https:\\\/\\\/correaportservices.es\\\/#website\",\"url\":\"https:\\\/\\\/correaportservices.es\\\/\",\"name\":\"Correa Spain\",\"description\":\"Servicios Mar\u00edtimos\",\"publisher\":{\"@id\":\"https:\\\/\\\/correaportservices.es\\\/#organization\"},\"potentialAction\":[{\"@type\":\"SearchAction\",\"target\":{\"@type\":\"EntryPoint\",\"urlTemplate\":\"https:\\\/\\\/correaportservices.es\\\/?s={search_term_string}\"},\"query-input\":{\"@type\":\"PropertyValueSpecification\",\"valueRequired\":true,\"valueName\":\"search_term_string\"}}],\"inLanguage\":\"en-GB\"},{\"@type\":\"Organization\",\"@id\":\"https:\\\/\\\/correaportservices.es\\\/#organization\",\"name\":\"Correa Spain\",\"url\":\"https:\\\/\\\/correaportservices.es\\\/\",\"logo\":{\"@type\":\"ImageObject\",\"inLanguage\":\"en-GB\",\"@id\":\"https:\\\/\\\/correaportservices.es\\\/#\\\/schema\\\/logo\\\/image\\\/\",\"url\":\"https:\\\/\\\/correaportservices.es\\\/wp-content\\\/uploads\\\/2025\\\/07\\\/cropped-Logo-restyling-2.0.png\",\"contentUrl\":\"https:\\\/\\\/correaportservices.es\\\/wp-content\\\/uploads\\\/2025\\\/07\\\/cropped-Logo-restyling-2.0.png\",\"width\":1797,\"height\":599,\"caption\":\"Correa Spain\"},\"image\":{\"@id\":\"https:\\\/\\\/correaportservices.es\\\/#\\\/schema\\\/logo\\\/image\\\/\"}}]}<\/script>\n<!-- \/ Yoast SEO plugin. -->","yoast_head_json":{"title":"Acerca de - Correa Spain","robots":{"index":"index","follow":"follow","max-snippet":"max-snippet:-1","max-image-preview":"max-image-preview:large","max-video-preview":"max-video-preview:-1"},"canonical":"https:\/\/correaportservices.es\/en\/acerca-de\/","og_locale":"en_GB","og_type":"article","og_title":"Acerca de - Correa Spain","og_description":"Sobre Correa Spain Pasado y presente de una gran compa\u00f1\u00eda Desde 1906 Con m\u00e1s de 100 a\u00f1os de experiencia, Correa [&hellip;]","og_url":"https:\/\/correaportservices.es\/en\/acerca-de\/","og_site_name":"Correa Spain","article_modified_time":"2025-07-02T06:19:22+00:00","og_image":[{"url":"https:\/\/correaportservices.es\/wp-content\/uploads\/2025\/05\/740.jpg","type":"","width":"","height":""}],"twitter_card":"summary_large_image","twitter_misc":{"Estimated reading time":"1 minute"},"schema":{"@context":"https:\/\/schema.org","@graph":[{"@type":"WebPage","@id":"https:\/\/correaportservices.es\/acerca-de\/","url":"https:\/\/correaportservices.es\/acerca-de\/","name":"Acerca de - Correa Spain","isPartOf":{"@id":"https:\/\/correaportservices.es\/#website"},"primaryImageOfPage":{"@id":"https:\/\/correaportservices.es\/acerca-de\/#primaryimage"},"image":{"@id":"https:\/\/correaportservices.es\/acerca-de\/#primaryimage"},"thumbnailUrl":"https:\/\/correaportservices.es\/wp-content\/uploads\/2025\/05\/740.jpg","datePublished":"2025-05-06T11:06:06+00:00","dateModified":"2025-07-02T06:19:22+00:00","breadcrumb":{"@id":"https:\/\/correaportservices.es\/acerca-de\/#breadcrumb"},"inLanguage":"en-GB","potentialAction":[{"@type":"ReadAction","target":["https:\/\/correaportservices.es\/acerca-de\/"]}]},{"@type":"ImageObject","inLanguage":"en-GB","@id":"https:\/\/correaportservices.es\/acerca-de\/#primaryimage","url":"https:\/\/correaportservices.es\/wp-content\/uploads\/2025\/05\/740.jpg","contentUrl":"https:\/\/correaportservices.es\/wp-content\/uploads\/2025\/05\/740.jpg"},{"@type":"BreadcrumbList","@id":"https:\/\/correaportservices.es\/acerca-de\/#breadcrumb","itemListElement":[{"@type":"ListItem","position":1,"name":"Portada","item":"https:\/\/correaportservices.es\/"},{"@type":"ListItem","position":2,"name":"Acerca de"}]},{"@type":"WebSite","@id":"https:\/\/correaportservices.es\/#website","url":"https:\/\/correaportservices.es\/","name":"Correa Spain","description":"Servicios Mar\u00edtimos","publisher":{"@id":"https:\/\/correaportservices.es\/#organization"},"potentialAction":[{"@type":"SearchAction","target":{"@type":"EntryPoint","urlTemplate":"https:\/\/correaportservices.es\/?s={search_term_string}"},"query-input":{"@type":"PropertyValueSpecification","valueRequired":true,"valueName":"search_term_string"}}],"inLanguage":"en-GB"},{"@type":"Organization","@id":"https:\/\/correaportservices.es\/#organization","name":"Correa Spain","url":"https:\/\/correaportservices.es\/","logo":{"@type":"ImageObject","inLanguage":"en-GB","@id":"https:\/\/correaportservices.es\/#\/schema\/logo\/image\/","url":"https:\/\/correaportservices.es\/wp-content\/uploads\/2025\/07\/cropped-Logo-restyling-2.0.png","contentUrl":"https:\/\/correaportservices.es\/wp-content\/uploads\/2025\/07\/cropped-Logo-restyling-2.0.png","width":1797,"height":599,"caption":"Correa Spain"},"image":{"@id":"https:\/\/correaportservices.es\/#\/schema\/logo\/image\/"}}]}},"uagb_featured_image_src":{"full":false,"thumbnail":false,"medium":false,"medium_large":false,"large":false,"1536x1536":false,"2048x2048":false,"trp-custom-language-flag":false},"uagb_author_info":{"display_name":"viacoreit","author_link":"https:\/\/correaportservices.es\/en\/author\/viacoreit\/"},"uagb_comment_info":0,"uagb_excerpt":"Sobre Correa Spain Pasado y presente de una gran compa\u00f1\u00eda Desde 1906 Con m\u00e1s de 100 a\u00f1os de experiencia, Correa [&hellip;]","_links":{"self":[{"href":"https:\/\/correaportservices.es\/en\/wp-json\/wp\/v2\/pages\/16","targetHints":{"allow":["GET"]}}],"collection":[{"href":"https:\/\/correaportservices.es\/en\/wp-json\/wp\/v2\/pages"}],"about":[{"href":"https:\/\/correaportservices.es\/en\/wp-json\/wp\/v2\/types\/page"}],"author":[{"embeddable":true,"href":"https:\/\/correaportservices.es\/en\/wp-json\/wp\/v2\/users\/6"}],"replies":[{"embeddable":true,"href":"https:\/\/correaportservices.es\/en\/wp-json\/wp\/v2\/comments?post=16"}],"version-history":[{"count":5,"href":"https:\/\/correaportservices.es\/en\/wp-json\/wp\/v2\/pages\/16\/revisions"}],"predecessor-version":[{"id":1584,"href":"https:\/\/correaportservices.es\/en\/wp-json\/wp\/v2\/pages\/16\/revisions\/1584"}],"wp:attachment":[{"href":"https:\/\/correaportservices.es\/en\/wp-json\/wp\/v2\/media?parent=16"}],"curies":[{"name":"wp","href":"https:\/\/api.w.org\/{rel}","templated":true}]}}